{"id":866,"date":"2020-04-28T15:57:00","date_gmt":"2020-04-28T15:57:00","guid":{"rendered":"http:\/\/www.viethouse.cz\/?page_id=866"},"modified":"2021-08-12T13:44:58","modified_gmt":"2021-08-12T13:44:58","slug":"rozcestnik","status":"publish","type":"page","link":"https:\/\/www.viethouse.cz\/en\/rozcestnik\/","title":{"rendered":"Asijsk\u00e1 restaurace"},"content":{"rendered":"<div data-elementor-type=\"wp-page\" data-elementor-id=\"866\" class=\"elementor elementor-866\" data-elementor-post-type=\"page\">\n\t\t\t\t\t\t\t\t\t<section data-particle_enable=\"false\" data-particle-mobile-disabled=\"false\" class=\"elementor-section elementor-top-section elementor-element elementor-element-98d218b elementor-section-boxed elementor-section-height-default elementor-section-height-default\" data-id=\"98d218b\" data-element_type=\"section\" data-settings=\"{&quot;background_background&quot;:&quot;classic&quot;}\">\n\t\t\t\t\t\t<div class=\"elementor-container elementor-column-gap-default\">\n\t\t\t\t\t<div class=\"elementor-column elementor-col-100 elementor-top-column elementor-element elementor-element-54cfba2\" data-id=\"54cfba2\" data-element_type=\"column\">\n\t\t\t<div class=\"elementor-widget-wrap elementor-element-populated\">\n\t\t\t\t\t\t\t\t<div class=\"elementor-element elementor-element-f3ef764 elementor-widget elementor-widget-image\" data-id=\"f3ef764\" data-element_type=\"widget\" data-widget_type=\"image.default\">\n\t\t\t\t<div class=\"elementor-widget-container\">\n\t\t\t\t\t\t\t\t\t\t\t\t\t\t\t<img fetchpriority=\"high\" decoding=\"async\" width=\"443\" height=\"381\" src=\"https:\/\/www.viethouse.cz\/wp-content\/uploads\/2020\/04\/ikonaviethouse-01.png\" class=\"attachment-large size-large wp-image-694\" alt=\"\" srcset=\"https:\/\/www.viethouse.cz\/wp-content\/uploads\/2020\/04\/ikonaviethouse-01.png 443w, https:\/\/www.viethouse.cz\/wp-content\/uploads\/2020\/04\/ikonaviethouse-01-300x258.png 300w\" sizes=\"(max-width: 443px) 100vw, 443px\" \/>\t\t\t\t\t\t\t\t\t\t\t\t\t\t\t<\/div>\n\t\t\t\t<\/div>\n\t\t\t\t<div class=\"elementor-element elementor-element-6aee5c9 elementor-widget elementor-widget-heading\" data-id=\"6aee5c9\" data-element_type=\"widget\" data-widget_type=\"heading.default\">\n\t\t\t\t<div class=\"elementor-widget-container\">\n\t\t\t<h4 class=\"elementor-heading-title elementor-size-default\">Choose your branch<\/h4>\t\t<\/div>\n\t\t\t\t<\/div>\n\t\t\t\t\t<\/div>\n\t\t<\/div>\n\t\t\t\t\t\t\t<\/div>\n\t\t<\/section>\n\t\t\t\t<section data-particle_enable=\"false\" data-particle-mobile-disabled=\"false\" class=\"elementor-section elementor-top-section elementor-element elementor-element-d6edd60 elementor-section-stretched elementor-section-full_width elementor-section-height-default elementor-section-height-default\" data-id=\"d6edd60\" data-element_type=\"section\" data-settings=\"{&quot;background_background&quot;:&quot;classic&quot;,&quot;stretch_section&quot;:&quot;section-stretched&quot;}\">\n\t\t\t\t\t\t<div class=\"elementor-container elementor-column-gap-default\">\n\t\t\t\t\t<div class=\"elementor-column elementor-col-33 elementor-top-column elementor-element elementor-element-394d006\" data-id=\"394d006\" data-element_type=\"column\" data-settings=\"{&quot;background_background&quot;:&quot;classic&quot;}\">\n\t\t\t<div class=\"elementor-widget-wrap elementor-element-populated\">\n\t\t\t\t\t\t\t\t<div class=\"elementor-element elementor-element-79cfaaa7 elementor-position-top elementor-widget elementor-widget-image-box\" data-id=\"79cfaaa7\" data-element_type=\"widget\" data-widget_type=\"image-box.default\">\n\t\t\t\t<div class=\"elementor-widget-container\">\n\t\t\t<div class=\"elementor-image-box-wrapper\"><figure class=\"elementor-image-box-img\"><a href=\"https:\/\/www.viethouse.cz\/en\/ceske-velenice\/\" tabindex=\"-1\"><img decoding=\"async\" width=\"4261\" height=\"2841\" src=\"https:\/\/www.viethouse.cz\/wp-content\/uploads\/2020\/06\/web-VietHouse-15.jpg\" class=\"elementor-animation-hang attachment-full size-full wp-image-1265\" alt=\"\" srcset=\"https:\/\/www.viethouse.cz\/wp-content\/uploads\/2020\/06\/web-VietHouse-15.jpg 4261w, https:\/\/www.viethouse.cz\/wp-content\/uploads\/2020\/06\/web-VietHouse-15-300x200.jpg 300w, https:\/\/www.viethouse.cz\/wp-content\/uploads\/2020\/06\/web-VietHouse-15-768x512.jpg 768w, https:\/\/www.viethouse.cz\/wp-content\/uploads\/2020\/06\/web-VietHouse-15-1024x683.jpg 1024w\" sizes=\"(max-width: 4261px) 100vw, 4261px\" \/><\/a><\/figure><div class=\"elementor-image-box-content\"><h3 class=\"elementor-image-box-title\"><a href=\"https:\/\/www.viethouse.cz\/en\/ceske-velenice\/\">\u010cesk\u00e9 Velenice<\/a><\/h3><p class=\"elementor-image-box-description\">Vitorazsk\u00e1 260<\/p><\/div><\/div>\t\t<\/div>\n\t\t\t\t<\/div>\n\t\t\t\t<div class=\"elementor-element elementor-element-abc77f9 elementor-align-center elementor-invisible elementor-widget elementor-widget-button\" data-id=\"abc77f9\" data-element_type=\"widget\" data-settings=\"{&quot;_animation&quot;:&quot;fadeInUp&quot;}\" data-widget_type=\"button.default\">\n\t\t\t\t<div class=\"elementor-widget-container\">\n\t\t\t\t\t<div class=\"elementor-button-wrapper\">\n\t\t\t<a class=\"elementor-button elementor-button-link elementor-size-sm elementor-animation-sink\" href=\"https:\/\/www.viethouse.cz\/en\/ceske-velenice\/\">\n\t\t\t\t\t\t<span class=\"elementor-button-content-wrapper\">\n\t\t\t\t\t\t<span class=\"elementor-button-text\">enter<\/span>\n\t\t<\/span>\n\t\t\t\t\t<\/a>\n\t\t<\/div>\n\t\t\t\t<\/div>\n\t\t\t\t<\/div>\n\t\t\t\t\t<\/div>\n\t\t<\/div>\n\t\t\t\t<div class=\"elementor-column elementor-col-33 elementor-top-column elementor-element elementor-element-bf32ca3\" data-id=\"bf32ca3\" data-element_type=\"column\">\n\t\t\t<div class=\"elementor-widget-wrap elementor-element-populated\">\n\t\t\t\t\t\t\t\t<div class=\"elementor-element elementor-element-727444a6 elementor-position-top elementor-widget elementor-widget-image-box\" data-id=\"727444a6\" data-element_type=\"widget\" data-widget_type=\"image-box.default\">\n\t\t\t\t<div class=\"elementor-widget-container\">\n\t\t\t<div class=\"elementor-image-box-wrapper\"><figure class=\"elementor-image-box-img\"><a href=\"https:\/\/www.viethouse.cz\/en\/znojmo\/\" tabindex=\"-1\"><img decoding=\"async\" width=\"2890\" height=\"1927\" src=\"https:\/\/www.viethouse.cz\/wp-content\/uploads\/2020\/06\/web-VietHouse-154.jpg\" class=\"elementor-animation-hang attachment-full size-full wp-image-1267\" alt=\"\" srcset=\"https:\/\/www.viethouse.cz\/wp-content\/uploads\/2020\/06\/web-VietHouse-154.jpg 2890w, https:\/\/www.viethouse.cz\/wp-content\/uploads\/2020\/06\/web-VietHouse-154-300x200.jpg 300w, https:\/\/www.viethouse.cz\/wp-content\/uploads\/2020\/06\/web-VietHouse-154-768x512.jpg 768w, https:\/\/www.viethouse.cz\/wp-content\/uploads\/2020\/06\/web-VietHouse-154-1024x683.jpg 1024w\" sizes=\"(max-width: 2890px) 100vw, 2890px\" \/><\/a><\/figure><div class=\"elementor-image-box-content\"><h3 class=\"elementor-image-box-title\"><a href=\"https:\/\/www.viethouse.cz\/en\/znojmo\/\">Znojmo<\/a><\/h3><p class=\"elementor-image-box-description\">Dukelsk\u00fdch bojovn\u00edk\u016f 133<\/p><\/div><\/div>\t\t<\/div>\n\t\t\t\t<\/div>\n\t\t\t\t<div class=\"elementor-element elementor-element-fde0f79 elementor-align-center elementor-invisible elementor-widget elementor-widget-button\" data-id=\"fde0f79\" data-element_type=\"widget\" data-settings=\"{&quot;_animation&quot;:&quot;fadeInUp&quot;}\" data-widget_type=\"button.default\">\n\t\t\t\t<div class=\"elementor-widget-container\">\n\t\t\t\t\t<div class=\"elementor-button-wrapper\">\n\t\t\t<a class=\"elementor-button elementor-button-link elementor-size-sm elementor-animation-sink\" href=\"https:\/\/www.viethouse.cz\/en\/znojmo\/\">\n\t\t\t\t\t\t<span class=\"elementor-button-content-wrapper\">\n\t\t\t\t\t\t<span class=\"elementor-button-text\">enter <\/span>\n\t\t<\/span>\n\t\t\t\t\t<\/a>\n\t\t<\/div>\n\t\t\t\t<\/div>\n\t\t\t\t<\/div>\n\t\t\t\t\t<\/div>\n\t\t<\/div>\n\t\t\t\t<div class=\"elementor-column elementor-col-33 elementor-top-column elementor-element elementor-element-70f7515\" data-id=\"70f7515\" data-element_type=\"column\">\n\t\t\t<div class=\"elementor-widget-wrap elementor-element-populated\">\n\t\t\t\t\t\t\t\t<div class=\"elementor-element elementor-element-8df9e5f elementor-position-top elementor-widget elementor-widget-image-box\" data-id=\"8df9e5f\" data-element_type=\"widget\" data-widget_type=\"image-box.default\">\n\t\t\t\t<div class=\"elementor-widget-container\">\n\t\t\t<div class=\"elementor-image-box-wrapper\"><figure class=\"elementor-image-box-img\"><a href=\"https:\/\/www.viethouse.cz\/en\/jindrichuv-hradec\/\" tabindex=\"-1\"><img loading=\"lazy\" decoding=\"async\" width=\"3120\" height=\"2080\" src=\"https:\/\/www.viethouse.cz\/wp-content\/uploads\/2020\/06\/web-VietHouse-140.jpg\" class=\"elementor-animation-hang attachment-full size-full wp-image-1266\" alt=\"\" srcset=\"https:\/\/www.viethouse.cz\/wp-content\/uploads\/2020\/06\/web-VietHouse-140.jpg 3120w, https:\/\/www.viethouse.cz\/wp-content\/uploads\/2020\/06\/web-VietHouse-140-300x200.jpg 300w, https:\/\/www.viethouse.cz\/wp-content\/uploads\/2020\/06\/web-VietHouse-140-768x512.jpg 768w, https:\/\/www.viethouse.cz\/wp-content\/uploads\/2020\/06\/web-VietHouse-140-1024x683.jpg 1024w\" sizes=\"(max-width: 3120px) 100vw, 3120px\" \/><\/a><\/figure><div class=\"elementor-image-box-content\"><h3 class=\"elementor-image-box-title\"><a href=\"https:\/\/www.viethouse.cz\/en\/jindrichuv-hradec\/\">Jind\u0159ich\u016fv Hradec<\/a><\/h3><p class=\"elementor-image-box-description\">N\u00e1m\u011bst\u00ed M\u00edru 85<\/p><\/div><\/div>\t\t<\/div>\n\t\t\t\t<\/div>\n\t\t\t\t<div class=\"elementor-element elementor-element-079f1f5 elementor-align-center elementor-invisible elementor-widget elementor-widget-button\" data-id=\"079f1f5\" data-element_type=\"widget\" data-settings=\"{&quot;_animation&quot;:&quot;fadeInUp&quot;}\" data-widget_type=\"button.default\">\n\t\t\t\t<div class=\"elementor-widget-container\">\n\t\t\t\t\t<div class=\"elementor-button-wrapper\">\n\t\t\t<a class=\"elementor-button elementor-button-link elementor-size-sm elementor-animation-sink\" href=\"https:\/\/www.viethouse.cz\/en\/jindrichuv-hradec\/\">\n\t\t\t\t\t\t<span class=\"elementor-button-content-wrapper\">\n\t\t\t\t\t\t<span class=\"elementor-button-text\">enter <\/span>\n\t\t<\/span>\n\t\t\t\t\t<\/a>\n\t\t<\/div>\n\t\t\t\t<\/div>\n\t\t\t\t<\/div>\n\t\t\t\t\t<\/div>\n\t\t<\/div>\n\t\t\t\t\t\t\t<\/div>\n\t\t<\/section>\n\t\t\t\t<section data-particle_enable=\"false\" data-particle-mobile-disabled=\"false\" class=\"elementor-section elementor-top-section elementor-element elementor-element-356fd2a elementor-hidden-desktop elementor-hidden-tablet elementor-hidden-phone elementor-section-boxed elementor-section-height-default elementor-section-height-default\" data-id=\"356fd2a\" data-element_type=\"section\" data-settings=\"{&quot;background_background&quot;:&quot;classic&quot;}\">\n\t\t\t\t\t\t<div class=\"elementor-container elementor-column-gap-default\">\n\t\t\t\t\t<div class=\"elementor-column elementor-col-50 elementor-top-column elementor-element elementor-element-b1741cf\" data-id=\"b1741cf\" data-element_type=\"column\" data-settings=\"{&quot;background_background&quot;:&quot;classic&quot;}\">\n\t\t\t<div class=\"elementor-widget-wrap elementor-element-populated\">\n\t\t\t\t\t\t\t\t<div class=\"elementor-element elementor-element-09e42c5 elementor-position-top elementor-widget elementor-widget-image-box\" data-id=\"09e42c5\" data-element_type=\"widget\" data-widget_type=\"image-box.default\">\n\t\t\t\t<div class=\"elementor-widget-container\">\n\t\t\t<div class=\"elementor-image-box-wrapper\"><figure class=\"elementor-image-box-img\"><a href=\"https:\/\/www.viethouse.cz\/en\/praha\/\" tabindex=\"-1\"><img loading=\"lazy\" decoding=\"async\" width=\"1902\" height=\"1268\" src=\"https:\/\/www.viethouse.cz\/wp-content\/uploads\/2020\/05\/viethouse-74.jpg\" class=\"elementor-animation-hang attachment-full size-full wp-image-1116\" alt=\"\" srcset=\"https:\/\/www.viethouse.cz\/wp-content\/uploads\/2020\/05\/viethouse-74.jpg 1902w, https:\/\/www.viethouse.cz\/wp-content\/uploads\/2020\/05\/viethouse-74-300x200.jpg 300w, https:\/\/www.viethouse.cz\/wp-content\/uploads\/2020\/05\/viethouse-74-768x512.jpg 768w, https:\/\/www.viethouse.cz\/wp-content\/uploads\/2020\/05\/viethouse-74-1024x683.jpg 1024w\" sizes=\"(max-width: 1902px) 100vw, 1902px\" \/><\/a><\/figure><div class=\"elementor-image-box-content\"><h3 class=\"elementor-image-box-title\"><a href=\"https:\/\/www.viethouse.cz\/en\/praha\/\">Praha Nusle<\/a><\/h3><p class=\"elementor-image-box-description\">N\u00e1m. Brat\u0159\u00ed Synk\u016f 612\/11<\/p><\/div><\/div>\t\t<\/div>\n\t\t\t\t<\/div>\n\t\t\t\t<div class=\"elementor-element elementor-element-ce0504e elementor-align-center elementor-invisible elementor-widget elementor-widget-button\" data-id=\"ce0504e\" data-element_type=\"widget\" data-settings=\"{&quot;_animation&quot;:&quot;fadeInUp&quot;}\" data-widget_type=\"button.default\">\n\t\t\t\t<div class=\"elementor-widget-container\">\n\t\t\t\t\t<div class=\"elementor-button-wrapper\">\n\t\t\t<a class=\"elementor-button elementor-button-link elementor-size-sm elementor-animation-sink\" href=\"https:\/\/www.viethouse.cz\/en\/praha\/\">\n\t\t\t\t\t\t<span class=\"elementor-button-content-wrapper\">\n\t\t\t\t\t\t<span class=\"elementor-button-text\">More<\/span>\n\t\t<\/span>\n\t\t\t\t\t<\/a>\n\t\t<\/div>\n\t\t\t\t<\/div>\n\t\t\t\t<\/div>\n\t\t\t\t\t<\/div>\n\t\t<\/div>\n\t\t\t\t<div class=\"elementor-column elementor-col-50 elementor-top-column elementor-element elementor-element-20f7b3b\" data-id=\"20f7b3b\" data-element_type=\"column\">\n\t\t\t<div class=\"elementor-widget-wrap elementor-element-populated\">\n\t\t\t\t\t\t\t\t<div class=\"elementor-element elementor-element-10a8100 elementor-position-top elementor-widget elementor-widget-image-box\" data-id=\"10a8100\" data-element_type=\"widget\" data-widget_type=\"image-box.default\">\n\t\t\t\t<div class=\"elementor-widget-container\">\n\t\t\t<div class=\"elementor-image-box-wrapper\"><figure class=\"elementor-image-box-img\"><a href=\"https:\/\/www.viethouse.cz\/en\/ceske-velenice\/\" tabindex=\"-1\"><img decoding=\"async\" width=\"4261\" height=\"2841\" src=\"https:\/\/www.viethouse.cz\/wp-content\/uploads\/2020\/06\/web-VietHouse-15.jpg\" class=\"elementor-animation-hang attachment-full size-full wp-image-1265\" alt=\"\" srcset=\"https:\/\/www.viethouse.cz\/wp-content\/uploads\/2020\/06\/web-VietHouse-15.jpg 4261w, https:\/\/www.viethouse.cz\/wp-content\/uploads\/2020\/06\/web-VietHouse-15-300x200.jpg 300w, https:\/\/www.viethouse.cz\/wp-content\/uploads\/2020\/06\/web-VietHouse-15-768x512.jpg 768w, https:\/\/www.viethouse.cz\/wp-content\/uploads\/2020\/06\/web-VietHouse-15-1024x683.jpg 1024w\" sizes=\"(max-width: 4261px) 100vw, 4261px\" \/><\/a><\/figure><div class=\"elementor-image-box-content\"><h3 class=\"elementor-image-box-title\"><a href=\"https:\/\/www.viethouse.cz\/en\/ceske-velenice\/\">\u010cesk\u00e9 Velenice<\/a><\/h3><p class=\"elementor-image-box-description\">Vitorazsk\u00e1 260<\/p><\/div><\/div>\t\t<\/div>\n\t\t\t\t<\/div>\n\t\t\t\t<div class=\"elementor-element elementor-element-d4adacc elementor-align-center elementor-invisible elementor-widget elementor-widget-button\" data-id=\"d4adacc\" data-element_type=\"widget\" data-settings=\"{&quot;_animation&quot;:&quot;fadeInUp&quot;}\" data-widget_type=\"button.default\">\n\t\t\t\t<div class=\"elementor-widget-container\">\n\t\t\t\t\t<div class=\"elementor-button-wrapper\">\n\t\t\t<a class=\"elementor-button elementor-button-link elementor-size-sm elementor-animation-sink\" href=\"https:\/\/www.viethouse.cz\/en\/ceske-velenice\/\">\n\t\t\t\t\t\t<span class=\"elementor-button-content-wrapper\">\n\t\t\t\t\t\t<span class=\"elementor-button-text\">More<\/span>\n\t\t<\/span>\n\t\t\t\t\t<\/a>\n\t\t<\/div>\n\t\t\t\t<\/div>\n\t\t\t\t<\/div>\n\t\t\t\t\t<\/div>\n\t\t<\/div>\n\t\t\t\t\t\t\t<\/div>\n\t\t<\/section>\n\t\t\t\t<section data-particle_enable=\"false\" data-particle-mobile-disabled=\"false\" class=\"elementor-section elementor-top-section elementor-element elementor-element-5509c80f elementor-section-content-middle elementor-section-boxed elementor-section-height-default elementor-section-height-default\" data-id=\"5509c80f\" data-element_type=\"section\" data-settings=\"{&quot;shape_divider_top&quot;:&quot;opacity-fan&quot;,&quot;background_background&quot;:&quot;classic&quot;}\">\n\t\t\t\t\t<div class=\"elementor-shape elementor-shape-top\" data-negative=\"false\">\n\t\t\t<svg xmlns=\"http:\/\/www.w3.org\/2000\/svg\" viewbox=\"0 0 283.5 19.6\" preserveaspectratio=\"none\">\n\t<path class=\"elementor-shape-fill\" style=\"opacity:0.33\" d=\"M0 0L0 18.8 141.8 4.1 283.5 18.8 283.5 0z\"\/>\n\t<path class=\"elementor-shape-fill\" style=\"opacity:0.33\" d=\"M0 0L0 12.6 141.8 4 283.5 12.6 283.5 0z\"\/>\n\t<path class=\"elementor-shape-fill\" style=\"opacity:0.33\" d=\"M0 0L0 6.4 141.8 4 283.5 6.4 283.5 0z\"\/>\n\t<path class=\"elementor-shape-fill\" d=\"M0 0L0 1.2 141.8 4 283.5 1.2 283.5 0z\"\/>\n<\/svg>\t\t<\/div>\n\t\t\t\t\t<div class=\"elementor-container elementor-column-gap-no\">\n\t\t\t\t\t<div class=\"elementor-column elementor-col-100 elementor-top-column elementor-element elementor-element-25f765c3\" data-id=\"25f765c3\" data-element_type=\"column\">\n\t\t\t<div class=\"elementor-widget-wrap elementor-element-populated\">\n\t\t\t\t\t\t\t\t<div class=\"elementor-element elementor-element-5674861 elementor-widget elementor-widget-image\" data-id=\"5674861\" data-element_type=\"widget\" data-widget_type=\"image.default\">\n\t\t\t\t<div class=\"elementor-widget-container\">\n\t\t\t\t\t\t\t\t\t\t\t\t\t\t\t<img loading=\"lazy\" decoding=\"async\" width=\"1024\" height=\"401\" src=\"https:\/\/www.viethouse.cz\/wp-content\/uploads\/2020\/04\/Logo_VietHouse-01-1024x401.png\" class=\"attachment-large size-large wp-image-930\" alt=\"\" srcset=\"https:\/\/www.viethouse.cz\/wp-content\/uploads\/2020\/04\/Logo_VietHouse-01-1024x401.png 1024w, https:\/\/www.viethouse.cz\/wp-content\/uploads\/2020\/04\/Logo_VietHouse-01-300x117.png 300w, https:\/\/www.viethouse.cz\/wp-content\/uploads\/2020\/04\/Logo_VietHouse-01-768x301.png 768w, https:\/\/www.viethouse.cz\/wp-content\/uploads\/2020\/04\/Logo_VietHouse-01.png 1796w\" sizes=\"(max-width: 1024px) 100vw, 1024px\" \/>\t\t\t\t\t\t\t\t\t\t\t\t\t\t\t<\/div>\n\t\t\t\t<\/div>\n\t\t\t\t<div class=\"elementor-element elementor-element-22f85783 elementor-widget elementor-widget-heading\" data-id=\"22f85783\" data-element_type=\"widget\" data-widget_type=\"heading.default\">\n\t\t\t\t<div class=\"elementor-widget-container\">\n\t\t\t<h6 class=\"elementor-heading-title elementor-size-default\">Contact<\/h6>\t\t<\/div>\n\t\t\t\t<\/div>\n\t\t\t\t<div class=\"elementor-element elementor-element-7c659240 elementor-widget elementor-widget-heading\" data-id=\"7c659240\" data-element_type=\"widget\" data-widget_type=\"heading.default\">\n\t\t\t\t<div class=\"elementor-widget-container\">\n\t\t\t<h3 class=\"elementor-heading-title elementor-size-default\">info@viethouse.cz<\/h3>\t\t<\/div>\n\t\t\t\t<\/div>\n\t\t\t\t<div class=\"elementor-element elementor-element-e9ede6e elementor-shape-circle elementor-grid-0 e-grid-align-center elementor-widget elementor-widget-social-icons\" data-id=\"e9ede6e\" data-element_type=\"widget\" data-widget_type=\"social-icons.default\">\n\t\t\t\t<div class=\"elementor-widget-container\">\n\t\t\t\t\t<div class=\"elementor-social-icons-wrapper elementor-grid\">\n\t\t\t\t\t\t\t<span class=\"elementor-grid-item\">\n\t\t\t\t\t<a class=\"elementor-icon elementor-social-icon elementor-social-icon-facebook elementor-animation-pulse elementor-repeater-item-07bbb96\" href=\"https:\/\/www.facebook.com\/VietHousecz\/\" target=\"_blank\" rel=\"noopener\">\n\t\t\t\t\t\t<span class=\"elementor-screen-only\">Facebook<\/span>\n\t\t\t\t\t\t<i class=\"fab fa-facebook\"><\/i>\t\t\t\t\t<\/a>\n\t\t\t\t<\/span>\n\t\t\t\t\t\t\t<span class=\"elementor-grid-item\">\n\t\t\t\t\t<a class=\"elementor-icon elementor-social-icon elementor-social-icon-instagram elementor-animation-pulse elementor-repeater-item-84e58f3\" href=\"https:\/\/www.instagram.com\/viethouseznojmo\/\" target=\"_blank\" rel=\"noopener\">\n\t\t\t\t\t\t<span class=\"elementor-screen-only\">Instagram<\/span>\n\t\t\t\t\t\t<i class=\"fab fa-instagram\"><\/i>\t\t\t\t\t<\/a>\n\t\t\t\t<\/span>\n\t\t\t\t\t<\/div>\n\t\t\t\t<\/div>\n\t\t\t\t<\/div>\n\t\t\t\t\t<\/div>\n\t\t<\/div>\n\t\t\t\t\t\t\t<\/div>\n\t\t<\/section>\n\t\t\t\t\t\t\t<\/div>","protected":false},"excerpt":{"rendered":"<p>Vyberte si svou pobo\u010dku \u010cesk\u00e9 Velenice Vitorazsk\u00e1 260 enter Znojmo Dukelsk\u00fdch bojovn\u00edk\u016f 133 enter Jind\u0159ich\u016fv Hradec N\u00e1m\u011bst\u00ed M\u00edru 85 enter Praha Nusle N\u00e1m. Brat\u0159\u00ed Synk\u016f 612\/11 V\u00edce \u010cesk\u00e9 Velenice Vitorazsk\u00e1 260 V\u00edce Kontakt info@viethouse.cz Facebook Instagram<\/p>","protected":false},"author":1,"featured_media":0,"parent":0,"menu_order":0,"comment_status":"closed","ping_status":"closed","template":"","meta":[],"_links":{"self":[{"href":"https:\/\/www.viethouse.cz\/en\/wp-json\/wp\/v2\/pages\/866"}],"collection":[{"href":"https:\/\/www.viethouse.cz\/en\/wp-json\/wp\/v2\/pages"}],"about":[{"href":"https:\/\/www.viethouse.cz\/en\/wp-json\/wp\/v2\/types\/page"}],"author":[{"embeddable":true,"href":"https:\/\/www.viethouse.cz\/en\/wp-json\/wp\/v2\/users\/1"}],"replies":[{"embeddable":true,"href":"https:\/\/www.viethouse.cz\/en\/wp-json\/wp\/v2\/comments?post=866"}],"version-history":[{"count":0,"href":"https:\/\/www.viethouse.cz\/en\/wp-json\/wp\/v2\/pages\/866\/revisions"}],"wp:attachment":[{"href":"https:\/\/www.viethouse.cz\/en\/wp-json\/wp\/v2\/media?parent=866"}],"curies":[{"name":"wp","href":"https:\/\/api.w.org\/{rel}","templated":true}]}}